{"id":1193,"date":"2025-05-27T08:40:13","date_gmt":"2025-05-27T08:40:13","guid":{"rendered":"https:\/\/geoisteaching.com\/?page_id=1193"},"modified":"2025-09-22T19:55:19","modified_gmt":"2025-09-22T19:55:19","slug":"francais-applique-a-linformatique-it","status":"publish","type":"page","link":"https:\/\/geoisteaching.com\/?page_id=1193","title":{"rendered":"Fran\u00e7ais appliqu\u00e9 \u00e0 l\u2019informatique (IT)"},"content":{"rendered":"<p>ITDescarc\u0103&#8230; <\/p>\n<div class=\"pmpro\">\n<div class=\"pmpro_card pmpro_content_message\">\n<h2 class=\"pmpro_card_title pmpro_font-large\"><svg xmlns=\"http:\/\/www.w3.org\/2000\/svg\" width=\"24\" height=\"24\" viewBox=\"0 0 24 24\" fill=\"none\" stroke=\"var(--pmpro--color--accent)\" stroke-width=\"2\" stroke-linecap=\"round\" stroke-linejoin=\"round\" class=\"feather feather-lock\"><rect x=\"3\" y=\"11\" width=\"18\" height=\"11\" rx=\"2\" ry=\"2\"><\/rect><path d=\"M7 11V7a5 5 0 0 1 10 0v4\"><\/path><\/svg>Fran\u00e7ais appliqu\u00e9 \u00e0 l\u2019informatique (IT) Membership Required<\/h2>\n<div class=\"pmpro_card_content\">\n<p> You must be a Fran\u00e7ais appliqu\u00e9 \u00e0 l\u2019informatique (IT) member to access this content.<\/p>\n<p><a class=\"pmpro_btn\" href=\"https:\/\/geoisteaching.com\/?page_id=805&#038;pmpro_level=5\">S\u2019inscrire maintenant<\/a><\/p>\n<\/div>\n<div class=\"pmpro_card_actions pmpro_font-medium\">Already a member? <a href=\"https:\/\/geoisteaching.com\/?page_id=809&#038;redirect_to=https%3A%2F%2Fgeoisteaching.com%2F%3Fpage_id%3D1193\">Connectez-vous ici<\/a><\/div>\n<\/div>\n<\/div>\n","protected":false},"excerpt":{"rendered":"<p>... <\/p>\n<div class=\"pmpro\"><div class=\"pmpro_card pmpro_content_message\"><h2 class=\"pmpro_card_title pmpro_font-large\"><svg xmlns=\"http:\/\/www.w3.org\/2000\/svg\" width=\"24\" height=\"24\" viewBox=\"0 0 24 24\" fill=\"none\" stroke=\"var(--pmpro--color--accent)\" stroke-width=\"2\" stroke-linecap=\"round\" stroke-linejoin=\"round\" class=\"feather feather-lock\"><rect x=\"3\" y=\"11\" width=\"18\" height=\"11\" rx=\"2\" ry=\"2\"><\/rect><path d=\"M7 11V7a5 5 0 0 1 10 0v4\"><\/path><\/svg>Fran\u00e7ais appliqu\u00e9 \u00e0 l\u2019informatique (IT) Membership Required<\/h2><div class=\"pmpro_card_content\"><p> You must be a Fran\u00e7ais appliqu\u00e9 \u00e0 l\u2019informatique (IT) member to access this content.<\/p><p><a class=\"pmpro_btn\" href=\"https:\/\/geoisteaching.com\/?page_id=805&#038;pmpro_level=5\">S\u2019inscrire maintenant<\/a><\/p><\/div><div class=\"pmpro_card_actions pmpro_font-medium\">Already a member? <a href=\"https:\/\/geoisteaching.com\/?page_id=809&#038;redirect_to=https%3A%2F%2Fgeoisteaching.com%2F%3Fpage_id%3D1193\">Connectez-vous ici<\/a><\/div><\/div><\/div>","protected":false},"author":1,"featured_media":0,"parent":0,"menu_order":0,"comment_status":"closed","ping_status":"closed","template":"","meta":{"om_disable_all_campaigns":false,"pmpro_default_level":"","_monsterinsights_skip_tracking":false,"_monsterinsights_sitenote_active":false,"_monsterinsights_sitenote_note":"","_monsterinsights_sitenote_category":0,"_uf_show_specific_survey":0,"_uf_disable_surveys":false,"footnotes":""},"class_list":["post-1193","page","type-page","status-publish","hentry","pmpro-level-required","pmpro-level-5","pmpro-no-access"],"aioseo_notices":[],"jetpack_sharing_enabled":true,"_links":{"self":[{"href":"https:\/\/geoisteaching.com\/index.php?rest_route=\/wp\/v2\/pages\/1193","targetHints":{"allow":["GET"]}}],"collection":[{"href":"https:\/\/geoisteaching.com\/index.php?rest_route=\/wp\/v2\/pages"}],"about":[{"href":"https:\/\/geoisteaching.com\/index.php?rest_route=\/wp\/v2\/types\/page"}],"author":[{"embeddable":true,"href":"https:\/\/geoisteaching.com\/index.php?rest_route=\/wp\/v2\/users\/1"}],"replies":[{"embeddable":true,"href":"https:\/\/geoisteaching.com\/index.php?rest_route=%2Fwp%2Fv2%2Fcomments&post=1193"}],"version-history":[{"count":8,"href":"https:\/\/geoisteaching.com\/index.php?rest_route=\/wp\/v2\/pages\/1193\/revisions"}],"predecessor-version":[{"id":1368,"href":"https:\/\/geoisteaching.com\/index.php?rest_route=\/wp\/v2\/pages\/1193\/revisions\/1368"}],"wp:attachment":[{"href":"https:\/\/geoisteaching.com\/index.php?rest_route=%2Fwp%2Fv2%2Fmedia&parent=1193"}],"curies":[{"name":"wp","href":"https:\/\/api.w.org\/{rel}","templated":true}]}}